{"id":300,"date":"2025-09-14T20:41:25","date_gmt":"2025-09-14T20:41:25","guid":{"rendered":"https:\/\/tarstechnik.de\/?page_id=300"},"modified":"2025-12-16T13:19:47","modified_gmt":"2025-12-16T13:19:47","slug":"inox","status":"publish","type":"page","link":"https:\/\/tarstechnik.de\/en\/inox\/","title":{"rendered":"Edelstahl-Gasfedern"},"content":{"rendered":"<div data-elementor-type=\"wp-page\" data-elementor-id=\"300\" class=\"elementor elementor-300\" data-elementor-post-type=\"page\">\n\t\t\t\t<div class=\"elementor-element elementor-element-e9d052b e-flex e-con-boxed e-con e-parent\" data-id=\"e9d052b\" data-element_type=\"container\" data-e-type=\"container\">\n\t\t\t\t\t<div class=\"e-con-inner\">\n\t\t\t\t<div class=\"elementor-element elementor-element-14ac995 elementor-widget elementor-widget-heading\" data-id=\"14ac995\" data-element_type=\"widget\" data-e-type=\"widget\" data-widget_type=\"heading.default\">\n\t\t\t\t\t<h2 class=\"elementor-heading-title elementor-size-default\">Edelstahl-Gasfedern<\/h2>\t\t\t\t<\/div>\n\t\t\t\t\t<\/div>\n\t\t\t\t<\/div>\n\t\t<div class=\"elementor-element elementor-element-f629fa0 e-grid e-con-full e-con e-parent\" data-id=\"f629fa0\" data-element_type=\"container\" data-e-type=\"container\">\n\t\t\t\t<div class=\"elementor-element elementor-element-fd74d9b elementor-widget elementor-widget-image\" data-id=\"fd74d9b\" data-element_type=\"widget\" data-e-type=\"widget\" data-widget_type=\"image.default\">\n\t\t\t\t\t\t\t\t\t\t\t\t<figure class=\"wp-caption\">\n\t\t\t\t\t\t\t\t\t\t<img fetchpriority=\"high\" decoding=\"async\" width=\"700\" height=\"700\" src=\"https:\/\/tarstechnik.de\/wp-content\/uploads\/2025\/11\/WhatsApp-Gorsel-2025-11-11-saat-15.58.46_d6aab4fd.jpg\" class=\"elementor-animation-grow attachment-1536x1536 size-1536x1536 wp-image-1556\" alt=\"\" srcset=\"https:\/\/tarstechnik.de\/wp-content\/uploads\/2025\/11\/WhatsApp-Gorsel-2025-11-11-saat-15.58.46_d6aab4fd.jpg 700w, https:\/\/tarstechnik.de\/wp-content\/uploads\/2025\/11\/WhatsApp-Gorsel-2025-11-11-saat-15.58.46_d6aab4fd-300x300.jpg 300w, https:\/\/tarstechnik.de\/wp-content\/uploads\/2025\/11\/WhatsApp-Gorsel-2025-11-11-saat-15.58.46_d6aab4fd-150x150.jpg 150w, https:\/\/tarstechnik.de\/wp-content\/uploads\/2025\/11\/WhatsApp-Gorsel-2025-11-11-saat-15.58.46_d6aab4fd-12x12.jpg 12w, https:\/\/tarstechnik.de\/wp-content\/uploads\/2025\/11\/WhatsApp-Gorsel-2025-11-11-saat-15.58.46_d6aab4fd-600x600.jpg 600w, https:\/\/tarstechnik.de\/wp-content\/uploads\/2025\/11\/WhatsApp-Gorsel-2025-11-11-saat-15.58.46_d6aab4fd-100x100.jpg 100w\" sizes=\"(max-width: 700px) 100vw, 700px\" \/>\t\t\t\t\t\t\t\t\t\t\t<figcaption class=\"widget-image-caption wp-caption-text\"><\/figcaption>\n\t\t\t\t\t\t\t\t\t\t<\/figure>\n\t\t\t\t\t\t\t\t\t<\/div>\n\t\t\t\t<div class=\"elementor-element elementor-element-d6c1391 elementor-widget elementor-widget-text-editor\" data-id=\"d6c1391\" data-element_type=\"widget\" data-e-type=\"widget\" data-widget_type=\"text-editor.default\">\n\t\t\t\t\t\t\t\t\t<p>Die Edelstahl-Gasfedern von TARS TECHNIK werden aus hochwertigem AISI 304 oder AISI 316 Edelstahl gefertigt und bieten eine ausgezeichnete Best\u00e4ndigkeit gegen Korrosion, Feuchtigkeit und chemische Einfl\u00fcsse. Dank ihres sauberen und hygienischen Designs eignen sie sich ideal f\u00fcr Anwendungen in der Medizin-, Lebensmittel- und Marinetechnik, bei denen Zuverl\u00e4ssigkeit und Hygiene von entscheidender Bedeutung sind.<\/p><p><strong>\u2699 Haupteigenschaften:<\/strong><\/p><p>Konstante Kraft in Ausfahrrichtung<\/p><p>Hergestellt aus Edelstahl AISI 304 \/ 316<\/p><p>Hervorragende Korrosions- und Rostbest\u00e4ndigkeit<\/p><p>Gleichm\u00e4\u00dfiger und ger\u00e4uscharmer Betrieb<\/p><p>Wartungsfrei und lange Lebensdauer<\/p><p>Gro\u00dfe Auswahl an Hub- und Kraftvarianten<\/p><p>Kundenspezifische Ausf\u00fchrungen auf Anfrage m\u00f6glich<\/p><p><strong>\ud83d\udd29 Anwendungsbereiche:<\/strong><\/p><p>Lebensmittelverarbeitungs- und Verpackungsmaschinen<\/p><p>Marine- und Offshore-Ausr\u00fcstung<\/p><p>Medizin- und Laborger\u00e4te<\/p><p>Industrie- und Automatisierungssysteme<\/p><p>M\u00f6bel- und Klappenmechanismen<\/p><p>Bei TARS TECHNIK bieten wir hochwertige Edelstahl-Gasfedern, die exakt auf Ihre individuellen Anforderungen abgestimmt sind.<br \/>Unsere Produkte vereinen Langlebigkeit, Pr\u00e4zision und Zuverl\u00e4ssigkeit und stellen die ideale L\u00f6sung f\u00fcr Einsatzbereiche dar, in denen Festigkeit auf\u00a0Hygiene\u00a0trifft.<\/p>\t\t\t\t\t\t\t\t<\/div>\n\t\t\t\t<\/div>\n\t\t\t\t<\/div>","protected":false},"excerpt":{"rendered":"<p>Edelstahl-Gasfedern Die Edelstahl-Gasfedern von TARS TECHNIK werden aus hochwertigem AISI 304 oder AISI 316 Edelstahl gefertigt und bieten eine ausgezeichnete Best\u00e4ndigkeit gegen Korrosion, Feuchtigkeit und chemische Einfl\u00fcsse. Dank ihres sauberen und hygienischen Designs eignen sie sich ideal f\u00fcr Anwendungen in der Medizin-, Lebensmittel- und Marinetechnik, bei denen Zuverl\u00e4ssigkeit und Hygiene von entscheidender Bedeutung sind. \u2699 [&hellip;]<\/p>\n","protected":false},"author":1,"featured_media":0,"parent":0,"menu_order":0,"comment_status":"closed","ping_status":"closed","template":"no-title-sticky-header","meta":{"footnotes":""},"class_list":["post-300","page","type-page","status-publish","hentry"],"aioseo_notices":[],"yoast_head":"<!-- This site is optimized with the Yoast SEO plugin v27.5 - https:\/\/yoast.com\/product\/yoast-seo-wordpress\/ -->\n<title>Edelstahl-Gasfedern -<\/title>\n<meta name=\"robots\" content=\"index, follow, max-snippet:-1, max-image-preview:large, max-video-preview:-1\" \/>\n<link rel=\"canonical\" href=\"https:\/\/tarstechnik.de\/en\/inox\/\" \/>\n<meta property=\"og:locale\" content=\"en_GB\" \/>\n<meta property=\"og:type\" content=\"article\" \/>\n<meta property=\"og:title\" content=\"Edelstahl-Gasfedern -\" \/>\n<meta property=\"og:description\" content=\"Edelstahl-Gasfedern Die Edelstahl-Gasfedern von TARS TECHNIK werden aus hochwertigem AISI 304 oder AISI 316 Edelstahl gefertigt und bieten eine ausgezeichnete Best\u00e4ndigkeit gegen Korrosion, Feuchtigkeit und chemische Einfl\u00fcsse. Dank ihres sauberen und hygienischen Designs eignen sie sich ideal f\u00fcr Anwendungen in der Medizin-, Lebensmittel- und Marinetechnik, bei denen Zuverl\u00e4ssigkeit und Hygiene von entscheidender Bedeutung sind. \u2699 [&hellip;]\" \/>\n<meta property=\"og:url\" content=\"https:\/\/tarstechnik.de\/en\/inox\/\" \/>\n<meta property=\"article:modified_time\" content=\"2025-12-16T13:19:47+00:00\" \/>\n<meta property=\"og:image\" content=\"https:\/\/tarstechnik.de\/wp-content\/uploads\/2025\/11\/WhatsApp-Gorsel-2025-11-11-saat-15.58.46_d6aab4fd.jpg\" \/>\n\t<meta property=\"og:image:width\" content=\"700\" \/>\n\t<meta property=\"og:image:height\" content=\"700\" \/>\n\t<meta property=\"og:image:type\" content=\"image\/jpeg\" \/>\n<meta name=\"twitter:card\" content=\"summary_large_image\" \/>\n<meta name=\"twitter:label1\" content=\"Estimated reading time\" \/>\n\t<meta name=\"twitter:data1\" content=\"1 minute\" \/>\n<script type=\"application\/ld+json\" class=\"yoast-schema-graph\">{\"@context\":\"https:\\\/\\\/schema.org\",\"@graph\":[{\"@type\":\"WebPage\",\"@id\":\"https:\\\/\\\/tarstechnik.de\\\/inox\\\/\",\"url\":\"https:\\\/\\\/tarstechnik.de\\\/inox\\\/\",\"name\":\"Edelstahl-Gasfedern -\",\"isPartOf\":{\"@id\":\"https:\\\/\\\/tarstechnik.de\\\/#website\"},\"primaryImageOfPage\":{\"@id\":\"https:\\\/\\\/tarstechnik.de\\\/inox\\\/#primaryimage\"},\"image\":{\"@id\":\"https:\\\/\\\/tarstechnik.de\\\/inox\\\/#primaryimage\"},\"thumbnailUrl\":\"https:\\\/\\\/tarstechnik.de\\\/wp-content\\\/uploads\\\/2025\\\/11\\\/WhatsApp-Gorsel-2025-11-11-saat-15.58.46_d6aab4fd.jpg\",\"datePublished\":\"2025-09-14T20:41:25+00:00\",\"dateModified\":\"2025-12-16T13:19:47+00:00\",\"breadcrumb\":{\"@id\":\"https:\\\/\\\/tarstechnik.de\\\/inox\\\/#breadcrumb\"},\"inLanguage\":\"en-GB\",\"potentialAction\":[{\"@type\":\"ReadAction\",\"target\":[\"https:\\\/\\\/tarstechnik.de\\\/inox\\\/\"]}]},{\"@type\":\"ImageObject\",\"inLanguage\":\"en-GB\",\"@id\":\"https:\\\/\\\/tarstechnik.de\\\/inox\\\/#primaryimage\",\"url\":\"https:\\\/\\\/tarstechnik.de\\\/wp-content\\\/uploads\\\/2025\\\/11\\\/WhatsApp-Gorsel-2025-11-11-saat-15.58.46_d6aab4fd.jpg\",\"contentUrl\":\"https:\\\/\\\/tarstechnik.de\\\/wp-content\\\/uploads\\\/2025\\\/11\\\/WhatsApp-Gorsel-2025-11-11-saat-15.58.46_d6aab4fd.jpg\"},{\"@type\":\"BreadcrumbList\",\"@id\":\"https:\\\/\\\/tarstechnik.de\\\/inox\\\/#breadcrumb\",\"itemListElement\":[{\"@type\":\"ListItem\",\"position\":1,\"name\":\"Home\",\"item\":\"https:\\\/\\\/tarstechnik.de\\\/\"},{\"@type\":\"ListItem\",\"position\":2,\"name\":\"Edelstahl-Gasfedern\"}]},{\"@type\":\"WebSite\",\"@id\":\"https:\\\/\\\/tarstechnik.de\\\/#website\",\"url\":\"https:\\\/\\\/tarstechnik.de\\\/\",\"name\":\"\",\"description\":\"Just another WordPress site\",\"potentialAction\":[{\"@type\":\"SearchAction\",\"target\":{\"@type\":\"EntryPoint\",\"urlTemplate\":\"https:\\\/\\\/tarstechnik.de\\\/?s={search_term_string}\"},\"query-input\":{\"@type\":\"PropertyValueSpecification\",\"valueRequired\":true,\"valueName\":\"search_term_string\"}}],\"inLanguage\":\"en-GB\"}]}<\/script>\n<!-- \/ Yoast SEO plugin. -->","yoast_head_json":{"title":"Edelstahl-Gasfedern -","robots":{"index":"index","follow":"follow","max-snippet":"max-snippet:-1","max-image-preview":"max-image-preview:large","max-video-preview":"max-video-preview:-1"},"canonical":"https:\/\/tarstechnik.de\/en\/inox\/","og_locale":"en_GB","og_type":"article","og_title":"Edelstahl-Gasfedern -","og_description":"Edelstahl-Gasfedern Die Edelstahl-Gasfedern von TARS TECHNIK werden aus hochwertigem AISI 304 oder AISI 316 Edelstahl gefertigt und bieten eine ausgezeichnete Best\u00e4ndigkeit gegen Korrosion, Feuchtigkeit und chemische Einfl\u00fcsse. Dank ihres sauberen und hygienischen Designs eignen sie sich ideal f\u00fcr Anwendungen in der Medizin-, Lebensmittel- und Marinetechnik, bei denen Zuverl\u00e4ssigkeit und Hygiene von entscheidender Bedeutung sind. \u2699 [&hellip;]","og_url":"https:\/\/tarstechnik.de\/en\/inox\/","article_modified_time":"2025-12-16T13:19:47+00:00","og_image":[{"width":700,"height":700,"url":"https:\/\/tarstechnik.de\/wp-content\/uploads\/2025\/11\/WhatsApp-Gorsel-2025-11-11-saat-15.58.46_d6aab4fd.jpg","type":"image\/jpeg"}],"twitter_card":"summary_large_image","twitter_misc":{"Estimated reading time":"1 minute"},"schema":{"@context":"https:\/\/schema.org","@graph":[{"@type":"WebPage","@id":"https:\/\/tarstechnik.de\/inox\/","url":"https:\/\/tarstechnik.de\/inox\/","name":"Edelstahl-Gasfedern -","isPartOf":{"@id":"https:\/\/tarstechnik.de\/#website"},"primaryImageOfPage":{"@id":"https:\/\/tarstechnik.de\/inox\/#primaryimage"},"image":{"@id":"https:\/\/tarstechnik.de\/inox\/#primaryimage"},"thumbnailUrl":"https:\/\/tarstechnik.de\/wp-content\/uploads\/2025\/11\/WhatsApp-Gorsel-2025-11-11-saat-15.58.46_d6aab4fd.jpg","datePublished":"2025-09-14T20:41:25+00:00","dateModified":"2025-12-16T13:19:47+00:00","breadcrumb":{"@id":"https:\/\/tarstechnik.de\/inox\/#breadcrumb"},"inLanguage":"en-GB","potentialAction":[{"@type":"ReadAction","target":["https:\/\/tarstechnik.de\/inox\/"]}]},{"@type":"ImageObject","inLanguage":"en-GB","@id":"https:\/\/tarstechnik.de\/inox\/#primaryimage","url":"https:\/\/tarstechnik.de\/wp-content\/uploads\/2025\/11\/WhatsApp-Gorsel-2025-11-11-saat-15.58.46_d6aab4fd.jpg","contentUrl":"https:\/\/tarstechnik.de\/wp-content\/uploads\/2025\/11\/WhatsApp-Gorsel-2025-11-11-saat-15.58.46_d6aab4fd.jpg"},{"@type":"BreadcrumbList","@id":"https:\/\/tarstechnik.de\/inox\/#breadcrumb","itemListElement":[{"@type":"ListItem","position":1,"name":"Home","item":"https:\/\/tarstechnik.de\/"},{"@type":"ListItem","position":2,"name":"Edelstahl-Gasfedern"}]},{"@type":"WebSite","@id":"https:\/\/tarstechnik.de\/#website","url":"https:\/\/tarstechnik.de\/","name":"","description":"Just another WordPress site","potentialAction":[{"@type":"SearchAction","target":{"@type":"EntryPoint","urlTemplate":"https:\/\/tarstechnik.de\/?s={search_term_string}"},"query-input":{"@type":"PropertyValueSpecification","valueRequired":true,"valueName":"search_term_string"}}],"inLanguage":"en-GB"}]}},"_links":{"self":[{"href":"https:\/\/tarstechnik.de\/en\/wp-json\/wp\/v2\/pages\/300","targetHints":{"allow":["GET"]}}],"collection":[{"href":"https:\/\/tarstechnik.de\/en\/wp-json\/wp\/v2\/pages"}],"about":[{"href":"https:\/\/tarstechnik.de\/en\/wp-json\/wp\/v2\/types\/page"}],"author":[{"embeddable":true,"href":"https:\/\/tarstechnik.de\/en\/wp-json\/wp\/v2\/users\/1"}],"replies":[{"embeddable":true,"href":"https:\/\/tarstechnik.de\/en\/wp-json\/wp\/v2\/comments?post=300"}],"version-history":[{"count":48,"href":"https:\/\/tarstechnik.de\/en\/wp-json\/wp\/v2\/pages\/300\/revisions"}],"predecessor-version":[{"id":1979,"href":"https:\/\/tarstechnik.de\/en\/wp-json\/wp\/v2\/pages\/300\/revisions\/1979"}],"wp:attachment":[{"href":"https:\/\/tarstechnik.de\/en\/wp-json\/wp\/v2\/media?parent=300"}],"curies":[{"name":"wp","href":"https:\/\/api.w.org\/{rel}","templated":true}]}}