{"id":1695,"date":"2025-12-04T11:26:58","date_gmt":"2025-12-04T11:26:58","guid":{"rendered":"https:\/\/tarstechnik.de\/?page_id=1695"},"modified":"2025-12-05T12:54:03","modified_gmt":"2025-12-05T12:54:03","slug":"impressum","status":"publish","type":"page","link":"https:\/\/tarstechnik.de\/en\/impressum\/","title":{"rendered":"Impressum"},"content":{"rendered":"<div data-elementor-type=\"wp-page\" data-elementor-id=\"1695\" class=\"elementor elementor-1695\" data-elementor-post-type=\"page\">\n\t\t\t\t<div class=\"elementor-element elementor-element-0525407 e-flex e-con-boxed e-con e-parent\" data-id=\"0525407\" data-element_type=\"container\" data-e-type=\"container\">\n\t\t\t\t\t<div class=\"e-con-inner\">\n\t\t\t\t<div class=\"elementor-element elementor-element-9eb9166 elementor-widget elementor-widget-text-editor\" data-id=\"9eb9166\" data-element_type=\"widget\" data-e-type=\"widget\" data-widget_type=\"text-editor.default\">\n\t\t\t\t\t\t\t\t\t<h4><b>TARS TECHNIK<\/b><\/h4><p>Inhaber: Tayfun Arslan<\/p><p>Gesch\u00e4ftsf\u00fchrer<\/p><p>\u00a0<\/p><p>\ud83d\udccd Adresse: Turmbergstra\u00dfe 12, 97922 Lauda-K\u00f6nigshofen, Deutschland<\/p><p>\ud83d\udcde Telefon: \u202a+49 176 64823488\u202c<\/p><p>\ud83d\udce7 E-Mail: info@tarstechnik.de<\/p><p>\u00a0<\/p><p>\ud83c\udf10 Website: www.tarstechnik.de<\/p><p>\u00a0<\/p><p>Kleinunternehmer nach \u00a719 UStG \u2013 Umsatzsteuer-ID: DE455530425<\/p><p>\u00a0<\/p><p>Verantwortlich f\u00fcr den Inhalt nach \u00a7 55 Abs. 2 RStV:<\/p><p>Tayfun Arslan, Turmbergstra\u00dfe 12, 97922 Lauda-K\u00f6nigshofen<\/p><p>\u00a0<\/p><p>Haftungsausschluss (Disclaimer):<\/p><p>Trotz sorgf\u00e4ltiger inhaltlicher Kontrolle \u00fcbernehmen wir keine Haftung f\u00fcr die Inhalte externer Links. F\u00fcr den Inhalt der verlinkten Seiten sind ausschlie\u00dflich deren Betreiber verantwortlich.<\/p>\t\t\t\t\t\t\t\t<\/div>\n\t\t\t\t\t<\/div>\n\t\t\t\t<\/div>\n\t\t\t\t<\/div>","protected":false},"excerpt":{"rendered":"<p>TARS TECHNIK Inhaber: Tayfun Arslan Gesch\u00e4ftsf\u00fchrer \u00a0 \ud83d\udccd Adresse: Turmbergstra\u00dfe 12, 97922 Lauda-K\u00f6nigshofen, Deutschland \ud83d\udcde Telefon: \u202a+49 176 64823488\u202c \ud83d\udce7 E-Mail: info@tarstechnik.de \u00a0 \ud83c\udf10 Website: www.tarstechnik.de \u00a0 Kleinunternehmer nach \u00a719 UStG \u2013 Umsatzsteuer-ID: DE455530425 \u00a0 Verantwortlich f\u00fcr den Inhalt nach \u00a7 55 Abs. 2 RStV: Tayfun Arslan, Turmbergstra\u00dfe 12, 97922 Lauda-K\u00f6nigshofen \u00a0 Haftungsausschluss (Disclaimer): Trotz [&hellip;]<\/p>\n","protected":false},"author":1,"featured_media":0,"parent":0,"menu_order":0,"comment_status":"closed","ping_status":"closed","template":"no-title-sticky-header","meta":{"footnotes":""},"class_list":["post-1695","page","type-page","status-publish","hentry"],"aioseo_notices":[],"yoast_head":"<!-- This site is optimized with the Yoast SEO plugin v27.5 - https:\/\/yoast.com\/product\/yoast-seo-wordpress\/ -->\n<title>Impressum -<\/title>\n<meta name=\"robots\" content=\"index, follow, max-snippet:-1, max-image-preview:large, max-video-preview:-1\" \/>\n<link rel=\"canonical\" href=\"https:\/\/tarstechnik.de\/en\/impressum\/\" \/>\n<meta property=\"og:locale\" content=\"en_GB\" \/>\n<meta property=\"og:type\" content=\"article\" \/>\n<meta property=\"og:title\" content=\"Impressum -\" \/>\n<meta property=\"og:description\" content=\"TARS TECHNIK Inhaber: Tayfun Arslan Gesch\u00e4ftsf\u00fchrer \u00a0 \ud83d\udccd Adresse: Turmbergstra\u00dfe 12, 97922 Lauda-K\u00f6nigshofen, Deutschland \ud83d\udcde Telefon: \u202a+49 176 64823488\u202c \ud83d\udce7 E-Mail: info@tarstechnik.de \u00a0 \ud83c\udf10 Website: www.tarstechnik.de \u00a0 Kleinunternehmer nach \u00a719 UStG \u2013 Umsatzsteuer-ID: DE455530425 \u00a0 Verantwortlich f\u00fcr den Inhalt nach \u00a7 55 Abs. 2 RStV: Tayfun Arslan, Turmbergstra\u00dfe 12, 97922 Lauda-K\u00f6nigshofen \u00a0 Haftungsausschluss (Disclaimer): Trotz [&hellip;]\" \/>\n<meta property=\"og:url\" content=\"https:\/\/tarstechnik.de\/en\/impressum\/\" \/>\n<meta property=\"article:modified_time\" content=\"2025-12-05T12:54:03+00:00\" \/>\n<meta name=\"twitter:card\" content=\"summary_large_image\" \/>\n<meta name=\"twitter:label1\" content=\"Estimated reading time\" \/>\n\t<meta name=\"twitter:data1\" content=\"1 minute\" \/>\n<script type=\"application\/ld+json\" class=\"yoast-schema-graph\">{\"@context\":\"https:\\\/\\\/schema.org\",\"@graph\":[{\"@type\":\"WebPage\",\"@id\":\"https:\\\/\\\/tarstechnik.de\\\/impressum\\\/\",\"url\":\"https:\\\/\\\/tarstechnik.de\\\/impressum\\\/\",\"name\":\"Impressum -\",\"isPartOf\":{\"@id\":\"https:\\\/\\\/tarstechnik.de\\\/#website\"},\"datePublished\":\"2025-12-04T11:26:58+00:00\",\"dateModified\":\"2025-12-05T12:54:03+00:00\",\"breadcrumb\":{\"@id\":\"https:\\\/\\\/tarstechnik.de\\\/impressum\\\/#breadcrumb\"},\"inLanguage\":\"en-GB\",\"potentialAction\":[{\"@type\":\"ReadAction\",\"target\":[\"https:\\\/\\\/tarstechnik.de\\\/impressum\\\/\"]}]},{\"@type\":\"BreadcrumbList\",\"@id\":\"https:\\\/\\\/tarstechnik.de\\\/impressum\\\/#breadcrumb\",\"itemListElement\":[{\"@type\":\"ListItem\",\"position\":1,\"name\":\"Home\",\"item\":\"https:\\\/\\\/tarstechnik.de\\\/\"},{\"@type\":\"ListItem\",\"position\":2,\"name\":\"Impressum\"}]},{\"@type\":\"WebSite\",\"@id\":\"https:\\\/\\\/tarstechnik.de\\\/#website\",\"url\":\"https:\\\/\\\/tarstechnik.de\\\/\",\"name\":\"\",\"description\":\"Just another WordPress site\",\"potentialAction\":[{\"@type\":\"SearchAction\",\"target\":{\"@type\":\"EntryPoint\",\"urlTemplate\":\"https:\\\/\\\/tarstechnik.de\\\/?s={search_term_string}\"},\"query-input\":{\"@type\":\"PropertyValueSpecification\",\"valueRequired\":true,\"valueName\":\"search_term_string\"}}],\"inLanguage\":\"en-GB\"}]}<\/script>\n<!-- \/ Yoast SEO plugin. -->","yoast_head_json":{"title":"Impressum -","robots":{"index":"index","follow":"follow","max-snippet":"max-snippet:-1","max-image-preview":"max-image-preview:large","max-video-preview":"max-video-preview:-1"},"canonical":"https:\/\/tarstechnik.de\/en\/impressum\/","og_locale":"en_GB","og_type":"article","og_title":"Impressum -","og_description":"TARS TECHNIK Inhaber: Tayfun Arslan Gesch\u00e4ftsf\u00fchrer \u00a0 \ud83d\udccd Adresse: Turmbergstra\u00dfe 12, 97922 Lauda-K\u00f6nigshofen, Deutschland \ud83d\udcde Telefon: \u202a+49 176 64823488\u202c \ud83d\udce7 E-Mail: info@tarstechnik.de \u00a0 \ud83c\udf10 Website: www.tarstechnik.de \u00a0 Kleinunternehmer nach \u00a719 UStG \u2013 Umsatzsteuer-ID: DE455530425 \u00a0 Verantwortlich f\u00fcr den Inhalt nach \u00a7 55 Abs. 2 RStV: Tayfun Arslan, Turmbergstra\u00dfe 12, 97922 Lauda-K\u00f6nigshofen \u00a0 Haftungsausschluss (Disclaimer): Trotz [&hellip;]","og_url":"https:\/\/tarstechnik.de\/en\/impressum\/","article_modified_time":"2025-12-05T12:54:03+00:00","twitter_card":"summary_large_image","twitter_misc":{"Estimated reading time":"1 minute"},"schema":{"@context":"https:\/\/schema.org","@graph":[{"@type":"WebPage","@id":"https:\/\/tarstechnik.de\/impressum\/","url":"https:\/\/tarstechnik.de\/impressum\/","name":"Impressum -","isPartOf":{"@id":"https:\/\/tarstechnik.de\/#website"},"datePublished":"2025-12-04T11:26:58+00:00","dateModified":"2025-12-05T12:54:03+00:00","breadcrumb":{"@id":"https:\/\/tarstechnik.de\/impressum\/#breadcrumb"},"inLanguage":"en-GB","potentialAction":[{"@type":"ReadAction","target":["https:\/\/tarstechnik.de\/impressum\/"]}]},{"@type":"BreadcrumbList","@id":"https:\/\/tarstechnik.de\/impressum\/#breadcrumb","itemListElement":[{"@type":"ListItem","position":1,"name":"Home","item":"https:\/\/tarstechnik.de\/"},{"@type":"ListItem","position":2,"name":"Impressum"}]},{"@type":"WebSite","@id":"https:\/\/tarstechnik.de\/#website","url":"https:\/\/tarstechnik.de\/","name":"","description":"Just another WordPress site","potentialAction":[{"@type":"SearchAction","target":{"@type":"EntryPoint","urlTemplate":"https:\/\/tarstechnik.de\/?s={search_term_string}"},"query-input":{"@type":"PropertyValueSpecification","valueRequired":true,"valueName":"search_term_string"}}],"inLanguage":"en-GB"}]}},"_links":{"self":[{"href":"https:\/\/tarstechnik.de\/en\/wp-json\/wp\/v2\/pages\/1695","targetHints":{"allow":["GET"]}}],"collection":[{"href":"https:\/\/tarstechnik.de\/en\/wp-json\/wp\/v2\/pages"}],"about":[{"href":"https:\/\/tarstechnik.de\/en\/wp-json\/wp\/v2\/types\/page"}],"author":[{"embeddable":true,"href":"https:\/\/tarstechnik.de\/en\/wp-json\/wp\/v2\/users\/1"}],"replies":[{"embeddable":true,"href":"https:\/\/tarstechnik.de\/en\/wp-json\/wp\/v2\/comments?post=1695"}],"version-history":[{"count":29,"href":"https:\/\/tarstechnik.de\/en\/wp-json\/wp\/v2\/pages\/1695\/revisions"}],"predecessor-version":[{"id":1731,"href":"https:\/\/tarstechnik.de\/en\/wp-json\/wp\/v2\/pages\/1695\/revisions\/1731"}],"wp:attachment":[{"href":"https:\/\/tarstechnik.de\/en\/wp-json\/wp\/v2\/media?parent=1695"}],"curies":[{"name":"wp","href":"https:\/\/api.w.org\/{rel}","templated":true}]}}