{"id":1579,"date":"2025-11-11T13:18:49","date_gmt":"2025-11-11T13:18:49","guid":{"rendered":"https:\/\/tarstechnik.de\/?page_id=1579"},"modified":"2025-12-16T13:17:51","modified_gmt":"2025-12-16T13:17:51","slug":"locking-gas-spring","status":"publish","type":"page","link":"https:\/\/tarstechnik.de\/en\/locking-gas-spring\/","title":{"rendered":"Blockierbare Gasfedern"},"content":{"rendered":"<div data-elementor-type=\"wp-page\" data-elementor-id=\"1579\" class=\"elementor elementor-1579\" data-elementor-post-type=\"page\">\n\t\t\t\t<div class=\"elementor-element elementor-element-e9d052b e-flex e-con-boxed e-con e-parent\" data-id=\"e9d052b\" data-element_type=\"container\" data-e-type=\"container\">\n\t\t\t\t\t<div class=\"e-con-inner\">\n\t\t\t\t<div class=\"elementor-element elementor-element-14ac995 elementor-widget elementor-widget-heading\" data-id=\"14ac995\" data-element_type=\"widget\" data-e-type=\"widget\" data-widget_type=\"heading.default\">\n\t\t\t\t\t<h2 class=\"elementor-heading-title elementor-size-default\">Blockierbare Gasfedern<\/h2>\t\t\t\t<\/div>\n\t\t\t\t\t<\/div>\n\t\t\t\t<\/div>\n\t\t<div class=\"elementor-element elementor-element-f629fa0 e-grid e-con-full e-con e-parent\" data-id=\"f629fa0\" data-element_type=\"container\" data-e-type=\"container\">\n\t\t\t\t<div class=\"elementor-element elementor-element-fd74d9b elementor-widget elementor-widget-image\" data-id=\"fd74d9b\" data-element_type=\"widget\" data-e-type=\"widget\" data-widget_type=\"image.default\">\n\t\t\t\t\t\t\t\t\t\t\t\t<figure class=\"wp-caption\">\n\t\t\t\t\t\t\t\t\t\t<img fetchpriority=\"high\" decoding=\"async\" width=\"730\" height=\"731\" src=\"https:\/\/tarstechnik.de\/wp-content\/uploads\/2025\/11\/locking-gas-spring.jpg\" class=\"elementor-animation-grow attachment-1536x1536 size-1536x1536 wp-image-1585\" alt=\"\" srcset=\"https:\/\/tarstechnik.de\/wp-content\/uploads\/2025\/11\/locking-gas-spring.jpg 730w, https:\/\/tarstechnik.de\/wp-content\/uploads\/2025\/11\/locking-gas-spring-300x300.jpg 300w, https:\/\/tarstechnik.de\/wp-content\/uploads\/2025\/11\/locking-gas-spring-150x150.jpg 150w, https:\/\/tarstechnik.de\/wp-content\/uploads\/2025\/11\/locking-gas-spring-12x12.jpg 12w, https:\/\/tarstechnik.de\/wp-content\/uploads\/2025\/11\/locking-gas-spring-600x601.jpg 600w, https:\/\/tarstechnik.de\/wp-content\/uploads\/2025\/11\/locking-gas-spring-100x100.jpg 100w\" sizes=\"(max-width: 730px) 100vw, 730px\" \/>\t\t\t\t\t\t\t\t\t\t\t<figcaption class=\"widget-image-caption wp-caption-text\"><\/figcaption>\n\t\t\t\t\t\t\t\t\t\t<\/figure>\n\t\t\t\t\t\t\t\t\t<\/div>\n\t\t\t\t<div class=\"elementor-element elementor-element-d6c1391 elementor-widget elementor-widget-text-editor\" data-id=\"d6c1391\" data-element_type=\"widget\" data-e-type=\"widget\" data-widget_type=\"text-editor.default\">\n\t\t\t\t\t\t\t\t\t<p>Blockierbare Gasfedern sind hochwertige Gasdruckfedern, die eine gleichm\u00e4\u00dfige Bewegung mit der M\u00f6glichkeit kombinieren, in jeder gew\u00fcnschten Position zu blockieren.<br \/>Im Vergleich zu Standard-Gasfedern verf\u00fcgen blockierbare Ausf\u00fchrungen \u00fcber ein integriertes Ventilsystem, das die Kolbenstange auch unter Belastung sicher in der gew\u00e4hlten Position h\u00e4lt. Dadurch sind sie ideal f\u00fcr Anwendungen, bei denen pr\u00e4zise Positionierung, Sicherheit und Bedienkomfort erforderlich sind.<\/p><p>Die blockierbaren Gasfedern von TARS TECHNIK stehen f\u00fcr hohe Pr\u00e4zision, Zuverl\u00e4ssigkeit und Komfort. Je nach Einsatzbereich sind sie als starre (harte) oder elastische (weiche) Blockierung erh\u00e4ltlich \u2013 abh\u00e4ngig davon, ob die Blockierung Druckkr\u00e4ften vollst\u00e4ndig standhalten oder eine geringe Nachgiebigkeit zulassen soll.<\/p><p><strong>\u2699 Haupteigenschaften:<\/strong><\/p><p>In jeder Position blockierbar<\/p><p>Erh\u00e4ltlich mit starrer oder elastischer Blockierung<\/p><p>Gleichm\u00e4\u00dfige und kontrollierte Bewegung<\/p><p>Optional aus Edelstahl oder Kohlenstoffstahl<\/p><p>Wartungsfrei und langlebig<\/p><p>Kundenspezifische Kraft- und Hubvarianten verf\u00fcgbar<\/p><p><strong>\ud83d\udd29 Anwendungsbereiche:<\/strong><\/p><p>Medizin- und Rehatechnik<\/p><p>M\u00f6bel- und Sitzsysteme<\/p><p>Industrie- und Laborger\u00e4te<\/p><p>Fahrzeug- und Caravan-Innenausstattung<\/p><p>H\u00f6henverstellbare Tische und Bedienpulte<\/p><p>Bei TARS TECHNIK bieten wir ma\u00dfgeschneiderte L\u00f6sungen f\u00fcr blockierbare Gasfedern, exakt abgestimmt auf Ihre Anforderungen.<br \/>Unser technisches Team unterst\u00fctzt Sie bei der Auswahl der passenden Blockierart, der richtigen Kraft sowie der optimalen Abmessungen, um maximale Leistung und Sicherheit zu\u00a0gew\u00e4hrleisten.<\/p>\t\t\t\t\t\t\t\t<\/div>\n\t\t\t\t<\/div>\n\t\t\t\t<\/div>","protected":false},"excerpt":{"rendered":"<p>Blockierbare Gasfedern Blockierbare Gasfedern sind hochwertige Gasdruckfedern, die eine gleichm\u00e4\u00dfige Bewegung mit der M\u00f6glichkeit kombinieren, in jeder gew\u00fcnschten Position zu blockieren.Im Vergleich zu Standard-Gasfedern verf\u00fcgen blockierbare Ausf\u00fchrungen \u00fcber ein integriertes Ventilsystem, das die Kolbenstange auch unter Belastung sicher in der gew\u00e4hlten Position h\u00e4lt. Dadurch sind sie ideal f\u00fcr Anwendungen, bei denen pr\u00e4zise Positionierung, Sicherheit und [&hellip;]<\/p>\n","protected":false},"author":1,"featured_media":0,"parent":0,"menu_order":0,"comment_status":"closed","ping_status":"closed","template":"no-title-sticky-header","meta":{"footnotes":""},"class_list":["post-1579","page","type-page","status-publish","hentry"],"aioseo_notices":[],"yoast_head":"<!-- This site is optimized with the Yoast SEO plugin v27.5 - https:\/\/yoast.com\/product\/yoast-seo-wordpress\/ -->\n<title>Blockierbare Gasfedern -<\/title>\n<meta name=\"robots\" content=\"index, follow, max-snippet:-1, max-image-preview:large, max-video-preview:-1\" \/>\n<link rel=\"canonical\" href=\"https:\/\/tarstechnik.de\/en\/locking-gas-spring\/\" \/>\n<meta property=\"og:locale\" content=\"en_GB\" \/>\n<meta property=\"og:type\" content=\"article\" \/>\n<meta property=\"og:title\" content=\"Blockierbare Gasfedern -\" \/>\n<meta property=\"og:description\" content=\"Blockierbare Gasfedern Blockierbare Gasfedern sind hochwertige Gasdruckfedern, die eine gleichm\u00e4\u00dfige Bewegung mit der M\u00f6glichkeit kombinieren, in jeder gew\u00fcnschten Position zu blockieren.Im Vergleich zu Standard-Gasfedern verf\u00fcgen blockierbare Ausf\u00fchrungen \u00fcber ein integriertes Ventilsystem, das die Kolbenstange auch unter Belastung sicher in der gew\u00e4hlten Position h\u00e4lt. Dadurch sind sie ideal f\u00fcr Anwendungen, bei denen pr\u00e4zise Positionierung, Sicherheit und [&hellip;]\" \/>\n<meta property=\"og:url\" content=\"https:\/\/tarstechnik.de\/en\/locking-gas-spring\/\" \/>\n<meta property=\"article:modified_time\" content=\"2025-12-16T13:17:51+00:00\" \/>\n<meta property=\"og:image\" content=\"https:\/\/tarstechnik.de\/wp-content\/uploads\/2025\/11\/locking-gas-spring.jpg\" \/>\n\t<meta property=\"og:image:width\" content=\"730\" \/>\n\t<meta property=\"og:image:height\" content=\"731\" \/>\n\t<meta property=\"og:image:type\" content=\"image\/jpeg\" \/>\n<meta name=\"twitter:card\" content=\"summary_large_image\" \/>\n<meta name=\"twitter:label1\" content=\"Estimated reading time\" \/>\n\t<meta name=\"twitter:data1\" content=\"2 minutes\" \/>\n<script type=\"application\/ld+json\" class=\"yoast-schema-graph\">{\"@context\":\"https:\\\/\\\/schema.org\",\"@graph\":[{\"@type\":\"WebPage\",\"@id\":\"https:\\\/\\\/tarstechnik.de\\\/locking-gas-spring\\\/\",\"url\":\"https:\\\/\\\/tarstechnik.de\\\/locking-gas-spring\\\/\",\"name\":\"Blockierbare Gasfedern -\",\"isPartOf\":{\"@id\":\"https:\\\/\\\/tarstechnik.de\\\/#website\"},\"primaryImageOfPage\":{\"@id\":\"https:\\\/\\\/tarstechnik.de\\\/locking-gas-spring\\\/#primaryimage\"},\"image\":{\"@id\":\"https:\\\/\\\/tarstechnik.de\\\/locking-gas-spring\\\/#primaryimage\"},\"thumbnailUrl\":\"https:\\\/\\\/tarstechnik.de\\\/wp-content\\\/uploads\\\/2025\\\/11\\\/locking-gas-spring.jpg\",\"datePublished\":\"2025-11-11T13:18:49+00:00\",\"dateModified\":\"2025-12-16T13:17:51+00:00\",\"breadcrumb\":{\"@id\":\"https:\\\/\\\/tarstechnik.de\\\/locking-gas-spring\\\/#breadcrumb\"},\"inLanguage\":\"en-GB\",\"potentialAction\":[{\"@type\":\"ReadAction\",\"target\":[\"https:\\\/\\\/tarstechnik.de\\\/locking-gas-spring\\\/\"]}]},{\"@type\":\"ImageObject\",\"inLanguage\":\"en-GB\",\"@id\":\"https:\\\/\\\/tarstechnik.de\\\/locking-gas-spring\\\/#primaryimage\",\"url\":\"https:\\\/\\\/tarstechnik.de\\\/wp-content\\\/uploads\\\/2025\\\/11\\\/locking-gas-spring.jpg\",\"contentUrl\":\"https:\\\/\\\/tarstechnik.de\\\/wp-content\\\/uploads\\\/2025\\\/11\\\/locking-gas-spring.jpg\"},{\"@type\":\"BreadcrumbList\",\"@id\":\"https:\\\/\\\/tarstechnik.de\\\/locking-gas-spring\\\/#breadcrumb\",\"itemListElement\":[{\"@type\":\"ListItem\",\"position\":1,\"name\":\"Home\",\"item\":\"https:\\\/\\\/tarstechnik.de\\\/\"},{\"@type\":\"ListItem\",\"position\":2,\"name\":\"Blockierbare Gasfedern\"}]},{\"@type\":\"WebSite\",\"@id\":\"https:\\\/\\\/tarstechnik.de\\\/#website\",\"url\":\"https:\\\/\\\/tarstechnik.de\\\/\",\"name\":\"\",\"description\":\"Just another WordPress site\",\"potentialAction\":[{\"@type\":\"SearchAction\",\"target\":{\"@type\":\"EntryPoint\",\"urlTemplate\":\"https:\\\/\\\/tarstechnik.de\\\/?s={search_term_string}\"},\"query-input\":{\"@type\":\"PropertyValueSpecification\",\"valueRequired\":true,\"valueName\":\"search_term_string\"}}],\"inLanguage\":\"en-GB\"}]}<\/script>\n<!-- \/ Yoast SEO plugin. -->","yoast_head_json":{"title":"Blockierbare Gasfedern -","robots":{"index":"index","follow":"follow","max-snippet":"max-snippet:-1","max-image-preview":"max-image-preview:large","max-video-preview":"max-video-preview:-1"},"canonical":"https:\/\/tarstechnik.de\/en\/locking-gas-spring\/","og_locale":"en_GB","og_type":"article","og_title":"Blockierbare Gasfedern -","og_description":"Blockierbare Gasfedern Blockierbare Gasfedern sind hochwertige Gasdruckfedern, die eine gleichm\u00e4\u00dfige Bewegung mit der M\u00f6glichkeit kombinieren, in jeder gew\u00fcnschten Position zu blockieren.Im Vergleich zu Standard-Gasfedern verf\u00fcgen blockierbare Ausf\u00fchrungen \u00fcber ein integriertes Ventilsystem, das die Kolbenstange auch unter Belastung sicher in der gew\u00e4hlten Position h\u00e4lt. Dadurch sind sie ideal f\u00fcr Anwendungen, bei denen pr\u00e4zise Positionierung, Sicherheit und [&hellip;]","og_url":"https:\/\/tarstechnik.de\/en\/locking-gas-spring\/","article_modified_time":"2025-12-16T13:17:51+00:00","og_image":[{"width":730,"height":731,"url":"https:\/\/tarstechnik.de\/wp-content\/uploads\/2025\/11\/locking-gas-spring.jpg","type":"image\/jpeg"}],"twitter_card":"summary_large_image","twitter_misc":{"Estimated reading time":"2 minutes"},"schema":{"@context":"https:\/\/schema.org","@graph":[{"@type":"WebPage","@id":"https:\/\/tarstechnik.de\/locking-gas-spring\/","url":"https:\/\/tarstechnik.de\/locking-gas-spring\/","name":"Blockierbare Gasfedern -","isPartOf":{"@id":"https:\/\/tarstechnik.de\/#website"},"primaryImageOfPage":{"@id":"https:\/\/tarstechnik.de\/locking-gas-spring\/#primaryimage"},"image":{"@id":"https:\/\/tarstechnik.de\/locking-gas-spring\/#primaryimage"},"thumbnailUrl":"https:\/\/tarstechnik.de\/wp-content\/uploads\/2025\/11\/locking-gas-spring.jpg","datePublished":"2025-11-11T13:18:49+00:00","dateModified":"2025-12-16T13:17:51+00:00","breadcrumb":{"@id":"https:\/\/tarstechnik.de\/locking-gas-spring\/#breadcrumb"},"inLanguage":"en-GB","potentialAction":[{"@type":"ReadAction","target":["https:\/\/tarstechnik.de\/locking-gas-spring\/"]}]},{"@type":"ImageObject","inLanguage":"en-GB","@id":"https:\/\/tarstechnik.de\/locking-gas-spring\/#primaryimage","url":"https:\/\/tarstechnik.de\/wp-content\/uploads\/2025\/11\/locking-gas-spring.jpg","contentUrl":"https:\/\/tarstechnik.de\/wp-content\/uploads\/2025\/11\/locking-gas-spring.jpg"},{"@type":"BreadcrumbList","@id":"https:\/\/tarstechnik.de\/locking-gas-spring\/#breadcrumb","itemListElement":[{"@type":"ListItem","position":1,"name":"Home","item":"https:\/\/tarstechnik.de\/"},{"@type":"ListItem","position":2,"name":"Blockierbare Gasfedern"}]},{"@type":"WebSite","@id":"https:\/\/tarstechnik.de\/#website","url":"https:\/\/tarstechnik.de\/","name":"","description":"Just another WordPress site","potentialAction":[{"@type":"SearchAction","target":{"@type":"EntryPoint","urlTemplate":"https:\/\/tarstechnik.de\/?s={search_term_string}"},"query-input":{"@type":"PropertyValueSpecification","valueRequired":true,"valueName":"search_term_string"}}],"inLanguage":"en-GB"}]}},"_links":{"self":[{"href":"https:\/\/tarstechnik.de\/en\/wp-json\/wp\/v2\/pages\/1579","targetHints":{"allow":["GET"]}}],"collection":[{"href":"https:\/\/tarstechnik.de\/en\/wp-json\/wp\/v2\/pages"}],"about":[{"href":"https:\/\/tarstechnik.de\/en\/wp-json\/wp\/v2\/types\/page"}],"author":[{"embeddable":true,"href":"https:\/\/tarstechnik.de\/en\/wp-json\/wp\/v2\/users\/1"}],"replies":[{"embeddable":true,"href":"https:\/\/tarstechnik.de\/en\/wp-json\/wp\/v2\/comments?post=1579"}],"version-history":[{"count":20,"href":"https:\/\/tarstechnik.de\/en\/wp-json\/wp\/v2\/pages\/1579\/revisions"}],"predecessor-version":[{"id":1976,"href":"https:\/\/tarstechnik.de\/en\/wp-json\/wp\/v2\/pages\/1579\/revisions\/1976"}],"wp:attachment":[{"href":"https:\/\/tarstechnik.de\/en\/wp-json\/wp\/v2\/media?parent=1579"}],"curies":[{"name":"wp","href":"https:\/\/api.w.org\/{rel}","templated":true}]}}