{"id":1566,"date":"2025-11-11T13:03:59","date_gmt":"2025-11-11T13:03:59","guid":{"rendered":"https:\/\/tarstechnik.de\/?page_id=1566"},"modified":"2025-12-16T13:15:06","modified_gmt":"2025-12-16T13:15:06","slug":"traction-gas-spring","status":"publish","type":"page","link":"https:\/\/tarstechnik.de\/en\/traction-gas-spring\/","title":{"rendered":"Zuggasfedern"},"content":{"rendered":"<div data-elementor-type=\"wp-page\" data-elementor-id=\"1566\" class=\"elementor elementor-1566\" data-elementor-post-type=\"page\">\n\t\t\t\t<div class=\"elementor-element elementor-element-e9d052b e-flex e-con-boxed e-con e-parent\" data-id=\"e9d052b\" data-element_type=\"container\" data-e-type=\"container\">\n\t\t\t\t\t<div class=\"e-con-inner\">\n\t\t\t\t<div class=\"elementor-element elementor-element-14ac995 elementor-widget elementor-widget-heading\" data-id=\"14ac995\" data-element_type=\"widget\" data-e-type=\"widget\" data-widget_type=\"heading.default\">\n\t\t\t\t\t<h2 class=\"elementor-heading-title elementor-size-default\">Zug-Gasfedern<\/h2>\t\t\t\t<\/div>\n\t\t\t\t\t<\/div>\n\t\t\t\t<\/div>\n\t\t<div class=\"elementor-element elementor-element-f629fa0 e-grid e-con-full e-con e-parent\" data-id=\"f629fa0\" data-element_type=\"container\" data-e-type=\"container\">\n\t\t\t\t<div class=\"elementor-element elementor-element-fd74d9b elementor-widget elementor-widget-image\" data-id=\"fd74d9b\" data-element_type=\"widget\" data-e-type=\"widget\" data-widget_type=\"image.default\">\n\t\t\t\t\t\t\t\t\t\t\t\t<figure class=\"wp-caption\">\n\t\t\t\t\t\t\t\t\t\t<img fetchpriority=\"high\" decoding=\"async\" width=\"721\" height=\"722\" src=\"https:\/\/tarstechnik.de\/wp-content\/uploads\/2025\/11\/WhatsApp-Gorsel-2025-11-11-saat-16.11.53_cb75d619.jpg\" class=\"elementor-animation-grow attachment-1536x1536 size-1536x1536 wp-image-1572\" alt=\"\" srcset=\"https:\/\/tarstechnik.de\/wp-content\/uploads\/2025\/11\/WhatsApp-Gorsel-2025-11-11-saat-16.11.53_cb75d619.jpg 721w, https:\/\/tarstechnik.de\/wp-content\/uploads\/2025\/11\/WhatsApp-Gorsel-2025-11-11-saat-16.11.53_cb75d619-300x300.jpg 300w, https:\/\/tarstechnik.de\/wp-content\/uploads\/2025\/11\/WhatsApp-Gorsel-2025-11-11-saat-16.11.53_cb75d619-150x150.jpg 150w, https:\/\/tarstechnik.de\/wp-content\/uploads\/2025\/11\/WhatsApp-Gorsel-2025-11-11-saat-16.11.53_cb75d619-12x12.jpg 12w, https:\/\/tarstechnik.de\/wp-content\/uploads\/2025\/11\/WhatsApp-Gorsel-2025-11-11-saat-16.11.53_cb75d619-600x601.jpg 600w, https:\/\/tarstechnik.de\/wp-content\/uploads\/2025\/11\/WhatsApp-Gorsel-2025-11-11-saat-16.11.53_cb75d619-100x100.jpg 100w\" sizes=\"(max-width: 721px) 100vw, 721px\" \/>\t\t\t\t\t\t\t\t\t\t\t<figcaption class=\"widget-image-caption wp-caption-text\"><\/figcaption>\n\t\t\t\t\t\t\t\t\t\t<\/figure>\n\t\t\t\t\t\t\t\t\t<\/div>\n\t\t\t\t<div class=\"elementor-element elementor-element-d6c1391 elementor-widget elementor-widget-text-editor\" data-id=\"d6c1391\" data-element_type=\"widget\" data-e-type=\"widget\" data-widget_type=\"text-editor.default\">\n\t\t\t\t\t\t\t\t\t<p>Zug-Gasfedern sind spezielle mechanische Bauteile, die mit unter Druck stehendem Stickstoffgas gef\u00fcllt sind und eine Kraft in Zugrichtung erzeugen. Diese Federn erm\u00f6glichen das kontrollierte Einziehen beweglicher Teile und bieten dank ihrer hohen Robustheit eine lange Lebensdauer.<\/p><p>Die Zug-Gasfedern von TARS TECHNIK \u00fcberzeugen durch zuverl\u00e4ssige Leistung, hochwertige Materialien und pr\u00e4zise Fertigungstechnologie. Sie sind in verschiedenen Kraftbereichen, Hubwegen und Anschlussvarianten entsprechend den jeweiligen Anwendungsanforderungen erh\u00e4ltlich. Dar\u00fcber hinaus bieten Edelstahl-Ausf\u00fchrungen selbst unter anspruchsvollen Umgebungsbedingungen eine ausgezeichnete Korrosionsbest\u00e4ndigkeit.<\/p><p><strong>\u2699 Haupteigenschaften:<\/strong><\/p><p>Erzeugt Kraft in Zugrichtung<\/p><p>Erh\u00e4ltlich in verschiedenen Gr\u00f6\u00dfen und Kraftstufen<\/p><p>Geh\u00e4use aus Edelstahl oder Kohlenstoffstahl<\/p><p>Hermetisch dicht, langlebig und wartungsfrei<\/p><p>Ruhiger und gleichm\u00e4\u00dfiger Lauf<\/p><p>Kundenspezifische Fertigung auf Anfrage m\u00f6glich<\/p><p><strong>\ud83d\udd29 Anwendungsbereiche:<\/strong><\/p><p>Industriemaschinen<\/p><p>Automobilindustrie<\/p><p>Laborausr\u00fcstung<\/p><p>Medizintechnik<\/p><p>M\u00f6bel- und Beschlagsysteme<\/p><p>Bei TARS TECHNIK unterst\u00fctzen wir Sie bei der Auswahl der optimalen Zug-Gasfeder f\u00fcr Ihre Anwendung.<br \/>Unser technisches Team bietet professionelle Beratung, um die passende Kraft- und Hubkombination f\u00fcr eine optimale Leistung sicherzustellen.<\/p>\t\t\t\t\t\t\t\t<\/div>\n\t\t\t\t<\/div>\n\t\t\t\t<\/div>","protected":false},"excerpt":{"rendered":"<p>Zug-Gasfedern Zug-Gasfedern sind spezielle mechanische Bauteile, die mit unter Druck stehendem Stickstoffgas gef\u00fcllt sind und eine Kraft in Zugrichtung erzeugen. Diese Federn erm\u00f6glichen das kontrollierte Einziehen beweglicher Teile und bieten dank ihrer hohen Robustheit eine lange Lebensdauer. Die Zug-Gasfedern von TARS TECHNIK \u00fcberzeugen durch zuverl\u00e4ssige Leistung, hochwertige Materialien und pr\u00e4zise Fertigungstechnologie. Sie sind in verschiedenen [&hellip;]<\/p>\n","protected":false},"author":1,"featured_media":0,"parent":0,"menu_order":0,"comment_status":"closed","ping_status":"closed","template":"no-title-sticky-header","meta":{"footnotes":""},"class_list":["post-1566","page","type-page","status-publish","hentry"],"aioseo_notices":[],"yoast_head":"<!-- This site is optimized with the Yoast SEO plugin v27.5 - https:\/\/yoast.com\/product\/yoast-seo-wordpress\/ -->\n<title>Zuggasfedern -<\/title>\n<meta name=\"robots\" content=\"index, follow, max-snippet:-1, max-image-preview:large, max-video-preview:-1\" \/>\n<link rel=\"canonical\" href=\"https:\/\/tarstechnik.de\/en\/traction-gas-spring\/\" \/>\n<meta property=\"og:locale\" content=\"en_GB\" \/>\n<meta property=\"og:type\" content=\"article\" \/>\n<meta property=\"og:title\" content=\"Zuggasfedern -\" \/>\n<meta property=\"og:description\" content=\"Zug-Gasfedern Zug-Gasfedern sind spezielle mechanische Bauteile, die mit unter Druck stehendem Stickstoffgas gef\u00fcllt sind und eine Kraft in Zugrichtung erzeugen. Diese Federn erm\u00f6glichen das kontrollierte Einziehen beweglicher Teile und bieten dank ihrer hohen Robustheit eine lange Lebensdauer. Die Zug-Gasfedern von TARS TECHNIK \u00fcberzeugen durch zuverl\u00e4ssige Leistung, hochwertige Materialien und pr\u00e4zise Fertigungstechnologie. Sie sind in verschiedenen [&hellip;]\" \/>\n<meta property=\"og:url\" content=\"https:\/\/tarstechnik.de\/en\/traction-gas-spring\/\" \/>\n<meta property=\"article:modified_time\" content=\"2025-12-16T13:15:06+00:00\" \/>\n<meta property=\"og:image\" content=\"https:\/\/tarstechnik.de\/wp-content\/uploads\/2025\/11\/WhatsApp-Gorsel-2025-11-11-saat-16.11.53_cb75d619.jpg\" \/>\n\t<meta property=\"og:image:width\" content=\"721\" \/>\n\t<meta property=\"og:image:height\" content=\"722\" \/>\n\t<meta property=\"og:image:type\" content=\"image\/jpeg\" \/>\n<meta name=\"twitter:card\" content=\"summary_large_image\" \/>\n<meta name=\"twitter:label1\" content=\"Estimated reading time\" \/>\n\t<meta name=\"twitter:data1\" content=\"1 minute\" \/>\n<script type=\"application\/ld+json\" class=\"yoast-schema-graph\">{\"@context\":\"https:\\\/\\\/schema.org\",\"@graph\":[{\"@type\":\"WebPage\",\"@id\":\"https:\\\/\\\/tarstechnik.de\\\/traction-gas-spring\\\/\",\"url\":\"https:\\\/\\\/tarstechnik.de\\\/traction-gas-spring\\\/\",\"name\":\"Zuggasfedern -\",\"isPartOf\":{\"@id\":\"https:\\\/\\\/tarstechnik.de\\\/#website\"},\"primaryImageOfPage\":{\"@id\":\"https:\\\/\\\/tarstechnik.de\\\/traction-gas-spring\\\/#primaryimage\"},\"image\":{\"@id\":\"https:\\\/\\\/tarstechnik.de\\\/traction-gas-spring\\\/#primaryimage\"},\"thumbnailUrl\":\"https:\\\/\\\/tarstechnik.de\\\/wp-content\\\/uploads\\\/2025\\\/11\\\/WhatsApp-Gorsel-2025-11-11-saat-16.11.53_cb75d619.jpg\",\"datePublished\":\"2025-11-11T13:03:59+00:00\",\"dateModified\":\"2025-12-16T13:15:06+00:00\",\"breadcrumb\":{\"@id\":\"https:\\\/\\\/tarstechnik.de\\\/traction-gas-spring\\\/#breadcrumb\"},\"inLanguage\":\"en-GB\",\"potentialAction\":[{\"@type\":\"ReadAction\",\"target\":[\"https:\\\/\\\/tarstechnik.de\\\/traction-gas-spring\\\/\"]}]},{\"@type\":\"ImageObject\",\"inLanguage\":\"en-GB\",\"@id\":\"https:\\\/\\\/tarstechnik.de\\\/traction-gas-spring\\\/#primaryimage\",\"url\":\"https:\\\/\\\/tarstechnik.de\\\/wp-content\\\/uploads\\\/2025\\\/11\\\/WhatsApp-Gorsel-2025-11-11-saat-16.11.53_cb75d619.jpg\",\"contentUrl\":\"https:\\\/\\\/tarstechnik.de\\\/wp-content\\\/uploads\\\/2025\\\/11\\\/WhatsApp-Gorsel-2025-11-11-saat-16.11.53_cb75d619.jpg\"},{\"@type\":\"BreadcrumbList\",\"@id\":\"https:\\\/\\\/tarstechnik.de\\\/traction-gas-spring\\\/#breadcrumb\",\"itemListElement\":[{\"@type\":\"ListItem\",\"position\":1,\"name\":\"Home\",\"item\":\"https:\\\/\\\/tarstechnik.de\\\/\"},{\"@type\":\"ListItem\",\"position\":2,\"name\":\"Zuggasfedern\"}]},{\"@type\":\"WebSite\",\"@id\":\"https:\\\/\\\/tarstechnik.de\\\/#website\",\"url\":\"https:\\\/\\\/tarstechnik.de\\\/\",\"name\":\"\",\"description\":\"Just another WordPress site\",\"potentialAction\":[{\"@type\":\"SearchAction\",\"target\":{\"@type\":\"EntryPoint\",\"urlTemplate\":\"https:\\\/\\\/tarstechnik.de\\\/?s={search_term_string}\"},\"query-input\":{\"@type\":\"PropertyValueSpecification\",\"valueRequired\":true,\"valueName\":\"search_term_string\"}}],\"inLanguage\":\"en-GB\"}]}<\/script>\n<!-- \/ Yoast SEO plugin. -->","yoast_head_json":{"title":"Zuggasfedern -","robots":{"index":"index","follow":"follow","max-snippet":"max-snippet:-1","max-image-preview":"max-image-preview:large","max-video-preview":"max-video-preview:-1"},"canonical":"https:\/\/tarstechnik.de\/en\/traction-gas-spring\/","og_locale":"en_GB","og_type":"article","og_title":"Zuggasfedern -","og_description":"Zug-Gasfedern Zug-Gasfedern sind spezielle mechanische Bauteile, die mit unter Druck stehendem Stickstoffgas gef\u00fcllt sind und eine Kraft in Zugrichtung erzeugen. Diese Federn erm\u00f6glichen das kontrollierte Einziehen beweglicher Teile und bieten dank ihrer hohen Robustheit eine lange Lebensdauer. Die Zug-Gasfedern von TARS TECHNIK \u00fcberzeugen durch zuverl\u00e4ssige Leistung, hochwertige Materialien und pr\u00e4zise Fertigungstechnologie. Sie sind in verschiedenen [&hellip;]","og_url":"https:\/\/tarstechnik.de\/en\/traction-gas-spring\/","article_modified_time":"2025-12-16T13:15:06+00:00","og_image":[{"width":721,"height":722,"url":"https:\/\/tarstechnik.de\/wp-content\/uploads\/2025\/11\/WhatsApp-Gorsel-2025-11-11-saat-16.11.53_cb75d619.jpg","type":"image\/jpeg"}],"twitter_card":"summary_large_image","twitter_misc":{"Estimated reading time":"1 minute"},"schema":{"@context":"https:\/\/schema.org","@graph":[{"@type":"WebPage","@id":"https:\/\/tarstechnik.de\/traction-gas-spring\/","url":"https:\/\/tarstechnik.de\/traction-gas-spring\/","name":"Zuggasfedern -","isPartOf":{"@id":"https:\/\/tarstechnik.de\/#website"},"primaryImageOfPage":{"@id":"https:\/\/tarstechnik.de\/traction-gas-spring\/#primaryimage"},"image":{"@id":"https:\/\/tarstechnik.de\/traction-gas-spring\/#primaryimage"},"thumbnailUrl":"https:\/\/tarstechnik.de\/wp-content\/uploads\/2025\/11\/WhatsApp-Gorsel-2025-11-11-saat-16.11.53_cb75d619.jpg","datePublished":"2025-11-11T13:03:59+00:00","dateModified":"2025-12-16T13:15:06+00:00","breadcrumb":{"@id":"https:\/\/tarstechnik.de\/traction-gas-spring\/#breadcrumb"},"inLanguage":"en-GB","potentialAction":[{"@type":"ReadAction","target":["https:\/\/tarstechnik.de\/traction-gas-spring\/"]}]},{"@type":"ImageObject","inLanguage":"en-GB","@id":"https:\/\/tarstechnik.de\/traction-gas-spring\/#primaryimage","url":"https:\/\/tarstechnik.de\/wp-content\/uploads\/2025\/11\/WhatsApp-Gorsel-2025-11-11-saat-16.11.53_cb75d619.jpg","contentUrl":"https:\/\/tarstechnik.de\/wp-content\/uploads\/2025\/11\/WhatsApp-Gorsel-2025-11-11-saat-16.11.53_cb75d619.jpg"},{"@type":"BreadcrumbList","@id":"https:\/\/tarstechnik.de\/traction-gas-spring\/#breadcrumb","itemListElement":[{"@type":"ListItem","position":1,"name":"Home","item":"https:\/\/tarstechnik.de\/"},{"@type":"ListItem","position":2,"name":"Zuggasfedern"}]},{"@type":"WebSite","@id":"https:\/\/tarstechnik.de\/#website","url":"https:\/\/tarstechnik.de\/","name":"","description":"Just another WordPress site","potentialAction":[{"@type":"SearchAction","target":{"@type":"EntryPoint","urlTemplate":"https:\/\/tarstechnik.de\/?s={search_term_string}"},"query-input":{"@type":"PropertyValueSpecification","valueRequired":true,"valueName":"search_term_string"}}],"inLanguage":"en-GB"}]}},"_links":{"self":[{"href":"https:\/\/tarstechnik.de\/en\/wp-json\/wp\/v2\/pages\/1566","targetHints":{"allow":["GET"]}}],"collection":[{"href":"https:\/\/tarstechnik.de\/en\/wp-json\/wp\/v2\/pages"}],"about":[{"href":"https:\/\/tarstechnik.de\/en\/wp-json\/wp\/v2\/types\/page"}],"author":[{"embeddable":true,"href":"https:\/\/tarstechnik.de\/en\/wp-json\/wp\/v2\/users\/1"}],"replies":[{"embeddable":true,"href":"https:\/\/tarstechnik.de\/en\/wp-json\/wp\/v2\/comments?post=1566"}],"version-history":[{"count":27,"href":"https:\/\/tarstechnik.de\/en\/wp-json\/wp\/v2\/pages\/1566\/revisions"}],"predecessor-version":[{"id":1973,"href":"https:\/\/tarstechnik.de\/en\/wp-json\/wp\/v2\/pages\/1566\/revisions\/1973"}],"wp:attachment":[{"href":"https:\/\/tarstechnik.de\/en\/wp-json\/wp\/v2\/media?parent=1566"}],"curies":[{"name":"wp","href":"https:\/\/api.w.org\/{rel}","templated":true}]}}